{"id":2436,"date":"2023-01-17T19:18:54","date_gmt":"2023-01-17T19:18:54","guid":{"rendered":"http:\/\/localhost:8090\/prueba2\/?page_id=30"},"modified":"2023-03-14T14:52:40","modified_gmt":"2023-03-14T14:52:40","slug":"productos","status":"publish","type":"page","link":"https:\/\/aguai.com.bo\/wp\/productos\/","title":{"rendered":"Productos"},"content":{"rendered":"\t\t<div data-elementor-type=\"wp-page\" data-elementor-id=\"2436\" class=\"elementor elementor-2436\">\n\t\t\t\t\t\t<section class=\"has_eae_slider elementor-section elementor-top-section elementor-element elementor-element-4b72d175 elementor-section-stretched elementor-section-full_width elementor-section-height-default elementor-section-height-default\" data-eae-slider=\"90713\" data-id=\"4b72d175\" data-element_type=\"section\" data-settings=\"{&quot;background_background&quot;:&quot;classic&quot;,&quot;stretch_section&quot;:&quot;section-stretched&quot;}\">\n\t\t\t\t\t\t\t<div class=\"elementor-background-overlay\"><\/div>\n\t\t\t\t\t\t\t<div class=\"elementor-container elementor-column-gap-no\">\n\t\t\t\t\t<div class=\"has_eae_slider elementor-column elementor-col-100 elementor-top-column elementor-element elementor-element-5ff7a7af\" data-eae-slider=\"7027\" data-id=\"5ff7a7af\" data-element_type=\"column\">\n\t\t\t<div class=\"elementor-widget-wrap elementor-element-populated\">\n\t\t\t\t\t\t<div class=\"elementor-element elementor-element-86d1a4b elementor-widget elementor-widget-image\" data-id=\"86d1a4b\" data-element_type=\"widget\" data-widget_type=\"image.default\">\n\t\t\t\t<div class=\"elementor-widget-container\">\n\t\t\t\t\t\t\t\t\t\t\t\t\t\t\t<img fetchpriority=\"high\" decoding=\"async\" width=\"2560\" height=\"1338\" src=\"https:\/\/aguai.com.bo\/wp\/wp-content\/uploads\/2023\/02\/PRODUCTOS-scaled.jpg\" class=\"attachment-full size-full wp-image-2634\" alt=\"\" srcset=\"https:\/\/aguai.com.bo\/wp\/wp-content\/uploads\/2023\/02\/PRODUCTOS-scaled.jpg 2560w, https:\/\/aguai.com.bo\/wp\/wp-content\/uploads\/2023\/02\/PRODUCTOS-300x157.jpg 300w, https:\/\/aguai.com.bo\/wp\/wp-content\/uploads\/2023\/02\/PRODUCTOS-1024x535.jpg 1024w, https:\/\/aguai.com.bo\/wp\/wp-content\/uploads\/2023\/02\/PRODUCTOS-768x401.jpg 768w, https:\/\/aguai.com.bo\/wp\/wp-content\/uploads\/2023\/02\/PRODUCTOS-1536x803.jpg 1536w, https:\/\/aguai.com.bo\/wp\/wp-content\/uploads\/2023\/02\/PRODUCTOS-2048x1071.jpg 2048w\" sizes=\"(max-width: 2560px) 100vw, 2560px\" \/>\t\t\t\t\t\t\t\t\t\t\t\t\t\t\t<\/div>\n\t\t\t\t<\/div>\n\t\t\t\t\t<\/div>\n\t\t<\/div>\n\t\t\t\t\t<\/div>\n\t\t<\/section>\n\t\t\t\t<section class=\"has_eae_slider elementor-section elementor-top-section elementor-element elementor-element-13013f76 elementor-section-boxed elementor-section-height-default elementor-section-height-default\" data-eae-slider=\"34081\" data-id=\"13013f76\" data-element_type=\"section\">\n\t\t\t\t\t\t<div class=\"elementor-container elementor-column-gap-default\">\n\t\t\t\t\t<div class=\"has_eae_slider elementor-column elementor-col-100 elementor-top-column elementor-element elementor-element-4677d656\" data-eae-slider=\"2863\" data-id=\"4677d656\" data-element_type=\"column\">\n\t\t\t<div class=\"elementor-widget-wrap elementor-element-populated\">\n\t\t\t\t\t\t<div class=\"elementor-element elementor-element-2d37008a elementor-widget elementor-widget-heading\" data-id=\"2d37008a\" data-element_type=\"widget\" data-widget_type=\"heading.default\">\n\t\t\t\t<div class=\"elementor-widget-container\">\n\t\t\t\t\t<h2 class=\"elementor-heading-title elementor-size-default\"><b>Productos<\/b><\/h2>\t\t\t\t<\/div>\n\t\t\t\t<\/div>\n\t\t\t\t\t<\/div>\n\t\t<\/div>\n\t\t\t\t\t<\/div>\n\t\t<\/section>\n\t\t\t\t<section class=\"has_eae_slider elementor-section elementor-top-section elementor-element elementor-element-511f3c1e elementor-section-boxed elementor-section-height-default elementor-section-height-default\" data-eae-slider=\"46898\" data-id=\"511f3c1e\" data-element_type=\"section\">\n\t\t\t\t\t\t<div class=\"elementor-container elementor-column-gap-default\">\n\t\t\t\t\t<div class=\"has_eae_slider elementor-column elementor-col-50 elementor-top-column elementor-element elementor-element-3e2365af\" data-eae-slider=\"22812\" data-id=\"3e2365af\" data-element_type=\"column\">\n\t\t\t<div class=\"elementor-widget-wrap elementor-element-populated\">\n\t\t\t\t\t\t<div class=\"elementor-element elementor-element-732b14ec elementor-widget elementor-widget-image\" data-id=\"732b14ec\" data-element_type=\"widget\" data-widget_type=\"image.default\">\n\t\t\t\t<div class=\"elementor-widget-container\">\n\t\t\t\t\t\t\t\t\t\t\t\t\t\t\t<img decoding=\"async\" width=\"800\" height=\"800\" src=\"https:\/\/aguai.com.bo\/wp\/wp-content\/uploads\/2023\/02\/VINETA-2.png\" class=\"attachment-large size-large wp-image-2541\" alt=\"\" srcset=\"https:\/\/aguai.com.bo\/wp\/wp-content\/uploads\/2023\/02\/VINETA-2.png 800w, https:\/\/aguai.com.bo\/wp\/wp-content\/uploads\/2023\/02\/VINETA-2-300x300.png 300w, https:\/\/aguai.com.bo\/wp\/wp-content\/uploads\/2023\/02\/VINETA-2-150x150.png 150w, https:\/\/aguai.com.bo\/wp\/wp-content\/uploads\/2023\/02\/VINETA-2-768x768.png 768w\" sizes=\"(max-width: 800px) 100vw, 800px\" \/>\t\t\t\t\t\t\t\t\t\t\t\t\t\t\t<\/div>\n\t\t\t\t<\/div>\n\t\t\t\t<div class=\"elementor-element elementor-element-1025ca94 elementor-widget elementor-widget-image\" data-id=\"1025ca94\" data-element_type=\"widget\" data-widget_type=\"image.default\">\n\t\t\t\t<div class=\"elementor-widget-container\">\n\t\t\t\t\t\t\t\t\t\t\t\t\t\t\t<img decoding=\"async\" width=\"800\" height=\"541\" src=\"https:\/\/aguai.com.bo\/wp\/wp-content\/uploads\/2023\/02\/Bolsas_BAJA-1024x692.png\" class=\"attachment-large size-large wp-image-2546\" alt=\"\" srcset=\"https:\/\/aguai.com.bo\/wp\/wp-content\/uploads\/2023\/02\/Bolsas_BAJA-1024x692.png 1024w, https:\/\/aguai.com.bo\/wp\/wp-content\/uploads\/2023\/02\/Bolsas_BAJA-300x203.png 300w, https:\/\/aguai.com.bo\/wp\/wp-content\/uploads\/2023\/02\/Bolsas_BAJA-768x519.png 768w, https:\/\/aguai.com.bo\/wp\/wp-content\/uploads\/2023\/02\/Bolsas_BAJA.png 1080w\" sizes=\"(max-width: 800px) 100vw, 800px\" \/>\t\t\t\t\t\t\t\t\t\t\t\t\t\t\t<\/div>\n\t\t\t\t<\/div>\n\t\t\t\t\t<\/div>\n\t\t<\/div>\n\t\t\t\t<div class=\"has_eae_slider elementor-column elementor-col-50 elementor-top-column elementor-element elementor-element-4c47b375\" data-eae-slider=\"54722\" data-id=\"4c47b375\" data-element_type=\"column\">\n\t\t\t<div class=\"elementor-widget-wrap elementor-element-populated\">\n\t\t\t\t\t\t<div class=\"elementor-element elementor-element-1036d4b4 elementor-widget elementor-widget-heading\" data-id=\"1036d4b4\" data-element_type=\"widget\" data-widget_type=\"heading.default\">\n\t\t\t\t<div class=\"elementor-widget-container\">\n\t\t\t\t\t<h2 class=\"elementor-heading-title elementor-size-large\"><b>Az\u00facar<\/b>  \u201csin azufre\u201d<\/h2>\t\t\t\t<\/div>\n\t\t\t\t<\/div>\n\t\t\t\t<div class=\"elementor-element elementor-element-418428 elementor-widget-divider--view-line elementor-widget elementor-widget-divider\" data-id=\"418428\" data-element_type=\"widget\" data-widget_type=\"divider.default\">\n\t\t\t\t<div class=\"elementor-widget-container\">\n\t\t\t\t\t\t\t<div class=\"elementor-divider\">\n\t\t\t<span class=\"elementor-divider-separator\">\n\t\t\t\t\t\t<\/span>\n\t\t<\/div>\n\t\t\t\t\t\t<\/div>\n\t\t\t\t<\/div>\n\t\t\t\t<div class=\"elementor-element elementor-element-565f4c22 elementor-widget elementor-widget-text-editor\" data-id=\"565f4c22\" data-element_type=\"widget\" data-widget_type=\"text-editor.default\">\n\t\t\t\t<div class=\"elementor-widget-container\">\n\t\t\t\t\t\t\t\t\t<p>La principal funci\u00f3n del az\u00facar es proporcionar la energ\u00eda que nuestro organismo necesita para el funcionamiento de los diferentes \u00f3rganos, como el cerebro y los m\u00fasculos, funcionalidad esencial a lo largo de la vida y situaciones fisiol\u00f3gicas.<\/p><p>S\u00f3lo el cerebro es responsable del 20% del consumo de energ\u00eda procedente de la glucosa, aunque tambi\u00e9n es necesaria como fuente de energ\u00eda para todos los tejidos del organismo. De ah\u00ed la importancia del consumo responsable de ciertos vol\u00famenes de az\u00facar.<\/p><p>Agua\u00ed produce adem\u00e1s <strong>el \u00fanico az\u00facar en Bolivia sin a\u00f1adido de azufre<\/strong> (di\u00f3xido de azufre), pues cuenta con un sistema de blanqueamiento por carbonataci\u00f3n que nos permite producir el az\u00facar m\u00e1s pura y blanca del pa\u00eds sin necesidad de adici\u00f3n de agentes qu\u00edmicos (di\u00f3xido de azufre) en el proceso de refinaci\u00f3n del az\u00facar.<\/p><p>Exportamos al mercado norteamericano y pa\u00edses de la regi\u00f3n.<\/p>\t\t\t\t\t\t\t\t<\/div>\n\t\t\t\t<\/div>\n\t\t\t\t<div class=\"elementor-element elementor-element-42214e96 elementor-widget elementor-widget-heading\" data-id=\"42214e96\" data-element_type=\"widget\" data-widget_type=\"heading.default\">\n\t\t\t\t<div class=\"elementor-widget-container\">\n\t\t\t\t\t<h2 class=\"elementor-heading-title elementor-size-default\">Productos y presentaciones disponibles para el consumidor final:<\/h2>\t\t\t\t<\/div>\n\t\t\t\t<\/div>\n\t\t\t\t<div class=\"elementor-element elementor-element-3c2ae12b elementor-widget elementor-widget-heading\" data-id=\"3c2ae12b\" data-element_type=\"widget\" data-widget_type=\"heading.default\">\n\t\t\t\t<div class=\"elementor-widget-container\">\n\t\t\t\t\t<h2 class=\"elementor-heading-title elementor-size-default\">Az\u00facar Blanca y Az\u00facar Moreno<\/h2>\t\t\t\t<\/div>\n\t\t\t\t<\/div>\n\t\t\t\t<div class=\"elementor-element elementor-element-3239de7 elementor-widget elementor-widget-text-editor\" data-id=\"3239de7\" data-element_type=\"widget\" data-widget_type=\"text-editor.default\">\n\t\t\t\t<div class=\"elementor-widget-container\">\n\t\t\t\t\t\t\t\t\t<ul><li>1 Kg<\/li><li>5 Kg<\/li><li>11.5 Kg. (Arroba)<\/li><li>12 Kg (Quintalito Agua\u00ed)<\/li><li>46 Kg. (Quintal)<\/li><\/ul>\t\t\t\t\t\t\t\t<\/div>\n\t\t\t\t<\/div>\n\t\t\t\t<div class=\"elementor-element elementor-element-7e80f862 elementor-widget elementor-widget-text-editor\" data-id=\"7e80f862\" data-element_type=\"widget\" data-widget_type=\"text-editor.default\">\n\t\t\t\t<div class=\"elementor-widget-container\">\n\t\t\t\t\t\t\t\t\t<p>Aunque nuestro Ingenio permite producir una amplia gama de calidades, por pol\u00edtica interna se decidi\u00f3 producir solamente dos calidades de az\u00facar: az\u00facar cruda, con un color ICUMSA &gt;1200 destinado hacia los \u00a0mercados de EEUU y una calidad \u00fanica de az\u00facar, extra refinada, con un color ICUMSA&lt;35, una pureza superior al 99.9% y una turbidez &lt;20 IU, cuyo destino es el mercado nacional y pa\u00edses vecinos.<\/p><p>Disponemos de presentaciones en bolsas de polipropileno de 50 Kg y big bag de 1,000 Kg.<\/p>\t\t\t\t\t\t\t\t<\/div>\n\t\t\t\t<\/div>\n\t\t\t\t\t<\/div>\n\t\t<\/div>\n\t\t\t\t\t<\/div>\n\t\t<\/section>\n\t\t\t\t<section class=\"has_eae_slider elementor-section elementor-top-section elementor-element elementor-element-161d36d3 elementor-reverse-mobile elementor-section-boxed elementor-section-height-default elementor-section-height-default\" data-eae-slider=\"36185\" data-id=\"161d36d3\" data-element_type=\"section\" data-settings=\"{&quot;background_background&quot;:&quot;classic&quot;}\">\n\t\t\t\t\t\t<div class=\"elementor-container elementor-column-gap-default\">\n\t\t\t\t\t<div class=\"has_eae_slider elementor-column elementor-col-50 elementor-top-column elementor-element elementor-element-4bd67d22\" data-eae-slider=\"24282\" data-id=\"4bd67d22\" data-element_type=\"column\">\n\t\t\t<div class=\"elementor-widget-wrap elementor-element-populated\">\n\t\t\t\t\t\t<div class=\"elementor-element elementor-element-71857aa5 elementor-widget elementor-widget-heading\" data-id=\"71857aa5\" data-element_type=\"widget\" data-widget_type=\"heading.default\">\n\t\t\t\t<div class=\"elementor-widget-container\">\n\t\t\t\t\t<h2 class=\"elementor-heading-title elementor-size-large\"><b>Alcohol<\/b> et\u00edlico <\/h2>\t\t\t\t<\/div>\n\t\t\t\t<\/div>\n\t\t\t\t<div class=\"elementor-element elementor-element-21fe6292 elementor-widget-divider--view-line elementor-widget elementor-widget-divider\" data-id=\"21fe6292\" data-element_type=\"widget\" data-widget_type=\"divider.default\">\n\t\t\t\t<div class=\"elementor-widget-container\">\n\t\t\t\t\t\t\t<div class=\"elementor-divider\">\n\t\t\t<span class=\"elementor-divider-separator\">\n\t\t\t\t\t\t<\/span>\n\t\t<\/div>\n\t\t\t\t\t\t<\/div>\n\t\t\t\t<\/div>\n\t\t\t\t<div class=\"elementor-element elementor-element-5bbe1325 elementor-widget elementor-widget-text-editor\" data-id=\"5bbe1325\" data-element_type=\"widget\" data-widget_type=\"text-editor.default\">\n\t\t\t\t<div class=\"elementor-widget-container\">\n\t\t\t\t\t\t\t\t\t<p>Somos uno de los principales impulsores para el ingreso de Bolivia en la era de los biocombustibles; fuimos el primer ingenio en montar una nueva planta de deshidrataci\u00f3n de alcohol, bajo el sistema de tamiz molecular, que fue inaugurada justo en la misma fecha en que fue promulgada la \u201cLey de Incorporaci\u00f3n de Aditivos Vegetales en las Gasolinas\u201d y somos ahora uno de los m\u00e1s importantes proveedores de alcohol combustible (etanol) para la empresa estatal del petr\u00f3leo Yacimientos Petrol\u00edferos Fiscales Bolivianos.<\/p>\t\t\t\t\t\t\t\t<\/div>\n\t\t\t\t<\/div>\n\t\t\t\t<div class=\"elementor-element elementor-element-c358c3c elementor-widget elementor-widget-heading\" data-id=\"c358c3c\" data-element_type=\"widget\" data-widget_type=\"heading.default\">\n\t\t\t\t<div class=\"elementor-widget-container\">\n\t\t\t\t\t<h2 class=\"elementor-heading-title elementor-size-default\">Productos y presentaciones disponibles<br>para el consumidor final:<\/h2>\t\t\t\t<\/div>\n\t\t\t\t<\/div>\n\t\t\t\t<div class=\"elementor-element elementor-element-31fffde7 elementor-widget elementor-widget-text-editor\" data-id=\"31fffde7\" data-element_type=\"widget\" data-widget_type=\"text-editor.default\">\n\t\t\t\t<div class=\"elementor-widget-container\">\n\t\t\t\t\t\t\t\t\t<ul><li>Alcohol al 70% (Sanitizador)<\/li><li>Botella de 500 ml<\/li><li>Botella de 1 Lt.<\/li><li>Botella de 2 Lt.<\/li><li>Bid\u00f3n de 5 Lt.<\/li><\/ul>\t\t\t\t\t\t\t\t<\/div>\n\t\t\t\t<\/div>\n\t\t\t\t<div class=\"elementor-element elementor-element-400ccbd0 elementor-widget elementor-widget-text-editor\" data-id=\"400ccbd0\" data-element_type=\"widget\" data-widget_type=\"text-editor.default\">\n\t\t\t\t<div class=\"elementor-widget-container\">\n\t\t\t\t\t\t\t\t\t<p>Contamos con tres columnas de destilaci\u00f3n, una planta de deshidrataci\u00f3n y tres tanques de almacenamiento que nos permiten una capacidad est\u00e1tica de almacenamiento de 60 millones de litros. Estas facilidades productivas nos permiten producir los siguientes productos que son comercializados a granel (cisternas de 35,000 litros):<\/p><ul><li>Alcohol et\u00edlico industrial buen gusto con un m\u00ednimo de tenor alcoh\u00f3lico de 96\u00ba GL.<\/li><li>Alcohol et\u00edlico industrial buen gusto anhidro, con un m\u00ednimo de tenor alcoh\u00f3lico de 99.5\u00ba GL.<\/li><li>Alcohol carburante (anhidro) con un m\u00ednimo de tenor alcoh\u00f3lico de 99.5\u00ba GL.<br \/><br \/><\/li><\/ul><p>Contamos con la log\u00edstica necesaria para entregar nuestra producci\u00f3n en tanques en puerto tanto sobre el Oc\u00e9ano Pac\u00edfico, en el puerto de Matarani, Per\u00fa, como en el Atl\u00e1ntico en el puerto de San Nicol\u00e1s, Argentina. En ambos casos tenemos la posibilidad de coordinar la log\u00edstica necesaria para realizar despachos de hasta 6 millones de litros por embarque.<\/p>\t\t\t\t\t\t\t\t<\/div>\n\t\t\t\t<\/div>\n\t\t\t\t\t<\/div>\n\t\t<\/div>\n\t\t\t\t<div class=\"has_eae_slider elementor-column elementor-col-50 elementor-top-column elementor-element elementor-element-77737e97\" data-eae-slider=\"86354\" data-id=\"77737e97\" data-element_type=\"column\">\n\t\t\t<div class=\"elementor-widget-wrap elementor-element-populated\">\n\t\t\t\t\t\t<div class=\"elementor-element elementor-element-53d46472 elementor-widget elementor-widget-image\" data-id=\"53d46472\" data-element_type=\"widget\" data-widget_type=\"image.default\">\n\t\t\t\t<div class=\"elementor-widget-container\">\n\t\t\t\t\t\t\t\t\t\t\t\t\t\t\t<img loading=\"lazy\" decoding=\"async\" width=\"800\" height=\"800\" src=\"https:\/\/aguai.com.bo\/wp\/wp-content\/uploads\/2023\/02\/VINETA-3.png\" class=\"attachment-large size-large wp-image-2540\" alt=\"\" srcset=\"https:\/\/aguai.com.bo\/wp\/wp-content\/uploads\/2023\/02\/VINETA-3.png 800w, https:\/\/aguai.com.bo\/wp\/wp-content\/uploads\/2023\/02\/VINETA-3-300x300.png 300w, https:\/\/aguai.com.bo\/wp\/wp-content\/uploads\/2023\/02\/VINETA-3-150x150.png 150w, https:\/\/aguai.com.bo\/wp\/wp-content\/uploads\/2023\/02\/VINETA-3-768x768.png 768w\" sizes=\"(max-width: 800px) 100vw, 800px\" \/>\t\t\t\t\t\t\t\t\t\t\t\t\t\t\t<\/div>\n\t\t\t\t<\/div>\n\t\t\t\t\t<\/div>\n\t\t<\/div>\n\t\t\t\t\t<\/div>\n\t\t<\/section>\n\t\t\t\t<section class=\"has_eae_slider elementor-section elementor-top-section elementor-element elementor-element-18d88f57 elementor-reverse-mobile elementor-section-boxed elementor-section-height-default elementor-section-height-default\" data-eae-slider=\"14594\" data-id=\"18d88f57\" data-element_type=\"section\" data-settings=\"{&quot;background_background&quot;:&quot;classic&quot;}\">\n\t\t\t\t\t\t<div class=\"elementor-container elementor-column-gap-default\">\n\t\t\t\t\t<div class=\"has_eae_slider elementor-column elementor-col-50 elementor-top-column elementor-element elementor-element-75cf69dd\" data-eae-slider=\"15519\" data-id=\"75cf69dd\" data-element_type=\"column\">\n\t\t\t<div class=\"elementor-widget-wrap elementor-element-populated\">\n\t\t\t\t\t\t<div class=\"elementor-element elementor-element-40d85c4a elementor-widget elementor-widget-image\" data-id=\"40d85c4a\" data-element_type=\"widget\" data-widget_type=\"image.default\">\n\t\t\t\t<div class=\"elementor-widget-container\">\n\t\t\t\t\t\t\t\t\t\t\t\t\t\t\t<img loading=\"lazy\" decoding=\"async\" width=\"1080\" height=\"1080\" src=\"https:\/\/aguai.com.bo\/wp\/wp-content\/uploads\/2023\/02\/ETANOL.jpg\" class=\"attachment-full size-full wp-image-2538\" alt=\"\" srcset=\"https:\/\/aguai.com.bo\/wp\/wp-content\/uploads\/2023\/02\/ETANOL.jpg 1080w, https:\/\/aguai.com.bo\/wp\/wp-content\/uploads\/2023\/02\/ETANOL-300x300.jpg 300w, https:\/\/aguai.com.bo\/wp\/wp-content\/uploads\/2023\/02\/ETANOL-1024x1024.jpg 1024w, https:\/\/aguai.com.bo\/wp\/wp-content\/uploads\/2023\/02\/ETANOL-150x150.jpg 150w, https:\/\/aguai.com.bo\/wp\/wp-content\/uploads\/2023\/02\/ETANOL-768x768.jpg 768w\" sizes=\"(max-width: 1080px) 100vw, 1080px\" \/>\t\t\t\t\t\t\t\t\t\t\t\t\t\t\t<\/div>\n\t\t\t\t<\/div>\n\t\t\t\t\t<\/div>\n\t\t<\/div>\n\t\t\t\t<div class=\"has_eae_slider elementor-column elementor-col-50 elementor-top-column elementor-element elementor-element-48d84525\" data-eae-slider=\"19037\" data-id=\"48d84525\" data-element_type=\"column\">\n\t\t\t<div class=\"elementor-widget-wrap elementor-element-populated\">\n\t\t\t\t\t\t<div class=\"elementor-element elementor-element-388d442f elementor-widget elementor-widget-heading\" data-id=\"388d442f\" data-element_type=\"widget\" data-widget_type=\"heading.default\">\n\t\t\t\t<div class=\"elementor-widget-container\">\n\t\t\t\t\t<h2 class=\"elementor-heading-title elementor-size-large\"><b>Alcohol anhidro<\/b> etanol<\/h2>\t\t\t\t<\/div>\n\t\t\t\t<\/div>\n\t\t\t\t<div class=\"elementor-element elementor-element-2c3b0002 elementor-widget-divider--view-line elementor-widget elementor-widget-divider\" data-id=\"2c3b0002\" data-element_type=\"widget\" data-widget_type=\"divider.default\">\n\t\t\t\t<div class=\"elementor-widget-container\">\n\t\t\t\t\t\t\t<div class=\"elementor-divider\">\n\t\t\t<span class=\"elementor-divider-separator\">\n\t\t\t\t\t\t<\/span>\n\t\t<\/div>\n\t\t\t\t\t\t<\/div>\n\t\t\t\t<\/div>\n\t\t\t\t<div class=\"elementor-element elementor-element-652e2c7b elementor-widget elementor-widget-text-editor\" data-id=\"652e2c7b\" data-element_type=\"widget\" data-widget_type=\"text-editor.default\">\n\t\t\t\t<div class=\"elementor-widget-container\">\n\t\t\t\t\t\t\t\t\t<p>El etanol o alcohol et\u00edlico es un compuesto l\u00edquido, incoloro, vol\u00e1til, inflamable y soluble en agua, cuyas mol\u00e9culas se componen de carbono, hidr\u00f3geno e hidroxilo1 (CH3-CH2-OH)2. El alcohol et\u00edlico no s\u00f3lo es el producto qu\u00edmico org\u00e1nico sint\u00e9tico m\u00e1s antiguo empleado por el hombre, sino tambi\u00e9n uno de los m\u00e1s importantes por su uso\u00a0 industrial, carburante, medicinal y dom\u00e9stico.<\/p><p>Agua\u00ed es un ingenio sucroalcoholero, eso quiere decir que puede producir etanol, a partir de la miel que queda como residuo de la producci\u00f3n de az\u00facar, como lo hacen los ingenios azucareros o, puede producir alcohol directamente a partir del jugo de la ca\u00f1a. Esto le da a Agua\u00ed una flexibilidad que no poseen otros ingenios en Bolivia.<\/p>\t\t\t\t\t\t\t\t<\/div>\n\t\t\t\t<\/div>\n\t\t\t\t\t<\/div>\n\t\t<\/div>\n\t\t\t\t\t<\/div>\n\t\t<\/section>\n\t\t\t\t<section class=\"has_eae_slider elementor-section elementor-top-section elementor-element elementor-element-e40f707 elementor-reverse-mobile elementor-section-boxed elementor-section-height-default elementor-section-height-default\" data-eae-slider=\"29449\" data-id=\"e40f707\" data-element_type=\"section\" data-settings=\"{&quot;background_background&quot;:&quot;classic&quot;}\">\n\t\t\t\t\t\t<div class=\"elementor-container elementor-column-gap-default\">\n\t\t\t\t\t<div class=\"has_eae_slider elementor-column elementor-col-50 elementor-top-column elementor-element elementor-element-3bae58fd\" data-eae-slider=\"60051\" data-id=\"3bae58fd\" data-element_type=\"column\">\n\t\t\t<div class=\"elementor-widget-wrap elementor-element-populated\">\n\t\t\t\t\t\t<div class=\"elementor-element elementor-element-aeb2341 elementor-widget elementor-widget-heading\" data-id=\"aeb2341\" data-element_type=\"widget\" data-widget_type=\"heading.default\">\n\t\t\t\t<div class=\"elementor-widget-container\">\n\t\t\t\t\t<h2 class=\"elementor-heading-title elementor-size-large\">Energ\u00eda <b>El\u00e9ctrica<\/b><\/h2>\t\t\t\t<\/div>\n\t\t\t\t<\/div>\n\t\t\t\t<div class=\"elementor-element elementor-element-1278baea elementor-widget-divider--view-line elementor-widget elementor-widget-divider\" data-id=\"1278baea\" data-element_type=\"widget\" data-widget_type=\"divider.default\">\n\t\t\t\t<div class=\"elementor-widget-container\">\n\t\t\t\t\t\t\t<div class=\"elementor-divider\">\n\t\t\t<span class=\"elementor-divider-separator\">\n\t\t\t\t\t\t<\/span>\n\t\t<\/div>\n\t\t\t\t\t\t<\/div>\n\t\t\t\t<\/div>\n\t\t\t\t<div class=\"elementor-element elementor-element-66ea53eb elementor-widget elementor-widget-text-editor\" data-id=\"66ea53eb\" data-element_type=\"widget\" data-widget_type=\"text-editor.default\">\n\t\t\t\t<div class=\"elementor-widget-container\">\n\t\t\t\t\t\t\t\t\tAgua\u00ed produce energ\u00eda el\u00e9ctrica utilizando como fuente primaria el bagazo de la ca\u00f1a de az\u00facar. Energ\u00eda limpia y renovable, cuyo destino es el consumo propio y exportaci\u00f3n al Sistema Interconectado Nacional.\n\nIniciamos la exportaci\u00f3n de energ\u00eda al Sistema Interconectado Nacional en julio del a\u00f1o 2019 con una potencia de 5MW\/hora, y las nuevas inversiones que se realizaron durante el per\u00edodo 2020-2021, nos permitir\u00e1n exportar hasta 60 MW\/hora durante aproximadamente 7 meses del a\u00f1o.\t\t\t\t\t\t\t\t<\/div>\n\t\t\t\t<\/div>\n\t\t\t\t\t<\/div>\n\t\t<\/div>\n\t\t\t\t<div class=\"has_eae_slider elementor-column elementor-col-50 elementor-top-column elementor-element elementor-element-147da762\" data-eae-slider=\"2726\" data-id=\"147da762\" data-element_type=\"column\">\n\t\t\t<div class=\"elementor-widget-wrap elementor-element-populated\">\n\t\t\t\t\t\t<div class=\"elementor-element elementor-element-2270bf42 elementor-widget elementor-widget-image\" data-id=\"2270bf42\" data-element_type=\"widget\" data-widget_type=\"image.default\">\n\t\t\t\t<div class=\"elementor-widget-container\">\n\t\t\t\t\t\t\t\t\t\t\t\t\t\t\t<img loading=\"lazy\" decoding=\"async\" width=\"800\" height=\"598\" src=\"https:\/\/aguai.com.bo\/wp\/wp-content\/uploads\/2023\/02\/ENERGIA-ELECTRICA-1024x766.jpg\" class=\"attachment-large size-large wp-image-2539\" alt=\"\" srcset=\"https:\/\/aguai.com.bo\/wp\/wp-content\/uploads\/2023\/02\/ENERGIA-ELECTRICA-1024x766.jpg 1024w, https:\/\/aguai.com.bo\/wp\/wp-content\/uploads\/2023\/02\/ENERGIA-ELECTRICA-300x225.jpg 300w, https:\/\/aguai.com.bo\/wp\/wp-content\/uploads\/2023\/02\/ENERGIA-ELECTRICA-768x575.jpg 768w, https:\/\/aguai.com.bo\/wp\/wp-content\/uploads\/2023\/02\/ENERGIA-ELECTRICA.jpg 1280w\" sizes=\"(max-width: 800px) 100vw, 800px\" \/>\t\t\t\t\t\t\t\t\t\t\t\t\t\t\t<\/div>\n\t\t\t\t<\/div>\n\t\t\t\t\t<\/div>\n\t\t<\/div>\n\t\t\t\t\t<\/div>\n\t\t<\/section>\n\t\t\t\t<\/div>\n\t\t","protected":false},"excerpt":{"rendered":"<p>Productos Az\u00facar \u201csin azufre\u201d La principal funci\u00f3n del az\u00facar es proporcionar la energ\u00eda que nuestro organismo necesita para el funcionamiento de los diferentes \u00f3rganos, como el cerebro y los m\u00fasculos, &#8230;<\/p>\n","protected":false},"author":1,"featured_media":0,"parent":0,"menu_order":0,"comment_status":"closed","ping_status":"closed","template":"","meta":{"footnotes":""},"class_list":["post-2436","page","type-page","status-publish","hentry"],"_links":{"self":[{"href":"https:\/\/aguai.com.bo\/wp\/wp-json\/wp\/v2\/pages\/2436","targetHints":{"allow":["GET"]}}],"collection":[{"href":"https:\/\/aguai.com.bo\/wp\/wp-json\/wp\/v2\/pages"}],"about":[{"href":"https:\/\/aguai.com.bo\/wp\/wp-json\/wp\/v2\/types\/page"}],"author":[{"embeddable":true,"href":"https:\/\/aguai.com.bo\/wp\/wp-json\/wp\/v2\/users\/1"}],"replies":[{"embeddable":true,"href":"https:\/\/aguai.com.bo\/wp\/wp-json\/wp\/v2\/comments?post=2436"}],"version-history":[{"count":9,"href":"https:\/\/aguai.com.bo\/wp\/wp-json\/wp\/v2\/pages\/2436\/revisions"}],"predecessor-version":[{"id":2751,"href":"https:\/\/aguai.com.bo\/wp\/wp-json\/wp\/v2\/pages\/2436\/revisions\/2751"}],"wp:attachment":[{"href":"https:\/\/aguai.com.bo\/wp\/wp-json\/wp\/v2\/media?parent=2436"}],"curies":[{"name":"wp","href":"https:\/\/api.w.org\/{rel}","templated":true}]}}