{"id":2437,"date":"2023-01-17T19:21:47","date_gmt":"2023-01-17T19:21:47","guid":{"rendered":"http:\/\/localhost:8090\/prueba2\/?page_id=32"},"modified":"2023-02-16T20:14:13","modified_gmt":"2023-02-16T20:14:13","slug":"inovacion-y-tecnologia","status":"publish","type":"page","link":"https:\/\/aguai.com.bo\/wp\/inovacion-y-tecnologia\/","title":{"rendered":"Inovaci\u00f3n y Tecnolog\u00eda"},"content":{"rendered":"\t\t<div data-elementor-type=\"wp-page\" data-elementor-id=\"2437\" class=\"elementor elementor-2437\">\n\t\t\t\t\t\t<section class=\"has_eae_slider elementor-section elementor-top-section elementor-element elementor-element-46f5179a elementor-section-height-min-height elementor-section-stretched elementor-section-full_width elementor-section-items-stretch elementor-section-height-default\" data-eae-slider=\"17918\" data-id=\"46f5179a\" data-element_type=\"section\" data-settings=\"{&quot;background_background&quot;:&quot;classic&quot;,&quot;stretch_section&quot;:&quot;section-stretched&quot;}\">\n\t\t\t\t\t\t<div class=\"elementor-container elementor-column-gap-no\">\n\t\t\t\t\t<div class=\"has_eae_slider elementor-column elementor-col-100 elementor-top-column elementor-element elementor-element-380592ba\" data-eae-slider=\"82137\" data-id=\"380592ba\" data-element_type=\"column\">\n\t\t\t<div class=\"elementor-widget-wrap elementor-element-populated\">\n\t\t\t\t\t\t<div class=\"elementor-element elementor-element-65416e18 elementor-widget elementor-widget-image\" data-id=\"65416e18\" data-element_type=\"widget\" data-widget_type=\"image.default\">\n\t\t\t\t<div class=\"elementor-widget-container\">\n\t\t\t\t\t\t\t\t\t\t\t\t\t\t\t<img fetchpriority=\"high\" decoding=\"async\" width=\"1080\" height=\"723\" src=\"https:\/\/aguai.com.bo\/wp\/wp-content\/uploads\/2023\/02\/INNOVACION-Y-TECNOLOGIA-PORTADA_BAJA.png\" class=\"attachment-full size-full wp-image-2552\" alt=\"\" srcset=\"https:\/\/aguai.com.bo\/wp\/wp-content\/uploads\/2023\/02\/INNOVACION-Y-TECNOLOGIA-PORTADA_BAJA.png 1080w, https:\/\/aguai.com.bo\/wp\/wp-content\/uploads\/2023\/02\/INNOVACION-Y-TECNOLOGIA-PORTADA_BAJA-300x201.png 300w, https:\/\/aguai.com.bo\/wp\/wp-content\/uploads\/2023\/02\/INNOVACION-Y-TECNOLOGIA-PORTADA_BAJA-1024x686.png 1024w, https:\/\/aguai.com.bo\/wp\/wp-content\/uploads\/2023\/02\/INNOVACION-Y-TECNOLOGIA-PORTADA_BAJA-768x514.png 768w\" sizes=\"(max-width: 1080px) 100vw, 1080px\" \/>\t\t\t\t\t\t\t\t\t\t\t\t\t\t\t<\/div>\n\t\t\t\t<\/div>\n\t\t\t\t\t<\/div>\n\t\t<\/div>\n\t\t\t\t\t<\/div>\n\t\t<\/section>\n\t\t\t\t<section class=\"has_eae_slider elementor-section elementor-top-section elementor-element elementor-element-708367c elementor-section-boxed elementor-section-height-default elementor-section-height-default\" data-eae-slider=\"55076\" data-id=\"708367c\" data-element_type=\"section\">\n\t\t\t\t\t\t<div class=\"elementor-container elementor-column-gap-default\">\n\t\t\t\t\t<div class=\"has_eae_slider elementor-column elementor-col-100 elementor-top-column elementor-element elementor-element-24b997db\" data-eae-slider=\"1971\" data-id=\"24b997db\" data-element_type=\"column\">\n\t\t\t<div class=\"elementor-widget-wrap elementor-element-populated\">\n\t\t\t\t\t\t<div class=\"elementor-element elementor-element-4bc212e4 elementor-widget elementor-widget-heading\" data-id=\"4bc212e4\" data-element_type=\"widget\" data-widget_type=\"heading.default\">\n\t\t\t\t<div class=\"elementor-widget-container\">\n\t\t\t\t\t<h2 class=\"elementor-heading-title elementor-size-default\">Innovaci\u00f3n &amp; <b>Tecnolog\u00eda<\/b><\/h2>\t\t\t\t<\/div>\n\t\t\t\t<\/div>\n\t\t\t\t\t<\/div>\n\t\t<\/div>\n\t\t\t\t\t<\/div>\n\t\t<\/section>\n\t\t\t\t<section class=\"has_eae_slider elementor-section elementor-top-section elementor-element elementor-element-4aa553 elementor-reverse-mobile elementor-section-stretched elementor-section-boxed elementor-section-height-default elementor-section-height-default\" data-eae-slider=\"19930\" data-id=\"4aa553\" data-element_type=\"section\" data-settings=\"{&quot;stretch_section&quot;:&quot;section-stretched&quot;}\">\n\t\t\t\t\t\t<div class=\"elementor-container elementor-column-gap-default\">\n\t\t\t\t\t<div class=\"has_eae_slider elementor-column elementor-col-50 elementor-top-column elementor-element elementor-element-486d45c9\" data-eae-slider=\"82061\" data-id=\"486d45c9\" data-element_type=\"column\">\n\t\t\t<div class=\"elementor-widget-wrap elementor-element-populated\">\n\t\t\t\t\t\t<div class=\"elementor-element elementor-element-4063c86b elementor-widget elementor-widget-image\" data-id=\"4063c86b\" data-element_type=\"widget\" data-widget_type=\"image.default\">\n\t\t\t\t<div class=\"elementor-widget-container\">\n\t\t\t\t\t\t\t\t\t\t\t\t\t\t\t<img decoding=\"async\" src=\"http:\/\/localhost:8090\/prueba2\/wp-content\/uploads\/2023\/01\/SUSTENTABILIDAD.jpg\" title=\"\" alt=\"\" loading=\"lazy\" \/>\t\t\t\t\t\t\t\t\t\t\t\t\t\t\t<\/div>\n\t\t\t\t<\/div>\n\t\t\t\t\t<\/div>\n\t\t<\/div>\n\t\t\t\t<div class=\"has_eae_slider elementor-column elementor-col-50 elementor-top-column elementor-element elementor-element-2b3b15f\" data-eae-slider=\"70036\" data-id=\"2b3b15f\" data-element_type=\"column\">\n\t\t\t<div class=\"elementor-widget-wrap elementor-element-populated\">\n\t\t\t\t\t\t<div class=\"elementor-element elementor-element-4c340f54 elementor-widget elementor-widget-heading\" data-id=\"4c340f54\" data-element_type=\"widget\" data-widget_type=\"heading.default\">\n\t\t\t\t<div class=\"elementor-widget-container\">\n\t\t\t\t\t<h2 class=\"elementor-heading-title elementor-size-large\"><b>Sustentabilidad<\/b><\/h2>\t\t\t\t<\/div>\n\t\t\t\t<\/div>\n\t\t\t\t<div class=\"elementor-element elementor-element-107ef964 elementor-widget-divider--view-line elementor-widget elementor-widget-divider\" data-id=\"107ef964\" data-element_type=\"widget\" data-widget_type=\"divider.default\">\n\t\t\t\t<div class=\"elementor-widget-container\">\n\t\t\t\t\t\t\t<div class=\"elementor-divider\">\n\t\t\t<span class=\"elementor-divider-separator\">\n\t\t\t\t\t\t<\/span>\n\t\t<\/div>\n\t\t\t\t\t\t<\/div>\n\t\t\t\t<\/div>\n\t\t\t\t<div class=\"elementor-element elementor-element-7e77ef26 elementor-widget elementor-widget-text-editor\" data-id=\"7e77ef26\" data-element_type=\"widget\" data-widget_type=\"text-editor.default\">\n\t\t\t\t<div class=\"elementor-widget-container\">\n\t\t\t\t\t\t\t\t\t<p>Cuidamos la tierra como un recurso de las futuras generaciones; desarrollamos capacidades de investigaci\u00f3n para ser m\u00e1s productivos, sin afectar ni el medio ambiente, ni el suelo donde cultivan ca\u00f1a nuestros proveedores. La empresa no pose\u00e9 cultivos propios, pero trabajamos cotidianamente con los 185 productores ca\u00f1eros que son parte fundamental de nuestra comunidad empresarial.<\/p>\t\t\t\t\t\t\t\t<\/div>\n\t\t\t\t<\/div>\n\t\t\t\t\t<\/div>\n\t\t<\/div>\n\t\t\t\t\t<\/div>\n\t\t<\/section>\n\t\t\t\t<section class=\"has_eae_slider elementor-section elementor-top-section elementor-element elementor-element-5287c7f8 elementor-section-stretched elementor-section-boxed elementor-section-height-default elementor-section-height-default\" data-eae-slider=\"24565\" data-id=\"5287c7f8\" data-element_type=\"section\" data-settings=\"{&quot;background_background&quot;:&quot;classic&quot;,&quot;stretch_section&quot;:&quot;section-stretched&quot;}\">\n\t\t\t\t\t\t<div class=\"elementor-container elementor-column-gap-default\">\n\t\t\t\t\t<div class=\"has_eae_slider elementor-column elementor-col-50 elementor-top-column elementor-element elementor-element-4f965177\" data-eae-slider=\"60095\" data-id=\"4f965177\" data-element_type=\"column\">\n\t\t\t<div class=\"elementor-widget-wrap elementor-element-populated\">\n\t\t\t\t\t\t<div class=\"elementor-element elementor-element-25a73c9e elementor-widget elementor-widget-heading\" data-id=\"25a73c9e\" data-element_type=\"widget\" data-widget_type=\"heading.default\">\n\t\t\t\t<div class=\"elementor-widget-container\">\n\t\t\t\t\t<h2 class=\"elementor-heading-title elementor-size-large\"><b>Proceso<\/b><\/h2>\t\t\t\t<\/div>\n\t\t\t\t<\/div>\n\t\t\t\t<div class=\"elementor-element elementor-element-421c04f2 elementor-widget-divider--view-line elementor-widget elementor-widget-divider\" data-id=\"421c04f2\" data-element_type=\"widget\" data-widget_type=\"divider.default\">\n\t\t\t\t<div class=\"elementor-widget-container\">\n\t\t\t\t\t\t\t<div class=\"elementor-divider\">\n\t\t\t<span class=\"elementor-divider-separator\">\n\t\t\t\t\t\t<\/span>\n\t\t<\/div>\n\t\t\t\t\t\t<\/div>\n\t\t\t\t<\/div>\n\t\t\t\t<div class=\"elementor-element elementor-element-3ca7a173 elementor-widget elementor-widget-text-editor\" data-id=\"3ca7a173\" data-element_type=\"widget\" data-widget_type=\"text-editor.default\">\n\t\t\t\t<div class=\"elementor-widget-container\">\n\t\t\t\t\t\t\t\t\t<p>No utilizamos azufre a\u00f1adido para el proceso de blanqueamiento. Utilizamos los gases de la fermentaci\u00f3n de nuestros vinos, para obtener el mismo resultado, con el agregado que es menos contaminante. Producimos alcohol y energ\u00eda el\u00e9ctrica con procedimientos limpios gracias a la inversi\u00f3n realizada para evitar da\u00f1os ambientales.<\/p>\t\t\t\t\t\t\t\t<\/div>\n\t\t\t\t<\/div>\n\t\t\t\t\t<\/div>\n\t\t<\/div>\n\t\t\t\t<div class=\"has_eae_slider elementor-column elementor-col-50 elementor-top-column elementor-element elementor-element-2ef36130\" data-eae-slider=\"36225\" data-id=\"2ef36130\" data-element_type=\"column\">\n\t\t\t<div class=\"elementor-widget-wrap elementor-element-populated\">\n\t\t\t\t\t\t<div class=\"elementor-element elementor-element-1493e7c0 imagen elementor-widget elementor-widget-image\" data-id=\"1493e7c0\" data-element_type=\"widget\" data-widget_type=\"image.default\">\n\t\t\t\t<div class=\"elementor-widget-container\">\n\t\t\t\t\t\t\t\t\t\t\t\t\t\t\t<img decoding=\"async\" width=\"800\" height=\"593\" src=\"https:\/\/aguai.com.bo\/wp\/wp-content\/uploads\/2023\/02\/PROCESOS-BAJA-1024x759.png\" class=\"attachment-large size-large wp-image-2553\" alt=\"\" srcset=\"https:\/\/aguai.com.bo\/wp\/wp-content\/uploads\/2023\/02\/PROCESOS-BAJA-1024x759.png 1024w, https:\/\/aguai.com.bo\/wp\/wp-content\/uploads\/2023\/02\/PROCESOS-BAJA-300x222.png 300w, https:\/\/aguai.com.bo\/wp\/wp-content\/uploads\/2023\/02\/PROCESOS-BAJA-768x569.png 768w, https:\/\/aguai.com.bo\/wp\/wp-content\/uploads\/2023\/02\/PROCESOS-BAJA.png 1080w\" sizes=\"(max-width: 800px) 100vw, 800px\" \/>\t\t\t\t\t\t\t\t\t\t\t\t\t\t\t<\/div>\n\t\t\t\t<\/div>\n\t\t\t\t\t<\/div>\n\t\t<\/div>\n\t\t\t\t\t<\/div>\n\t\t<\/section>\n\t\t\t\t<section class=\"has_eae_slider elementor-section elementor-top-section elementor-element elementor-element-43f4a8dd elementor-reverse-mobile elementor-section-stretched elementor-section-boxed elementor-section-height-default elementor-section-height-default\" data-eae-slider=\"63093\" data-id=\"43f4a8dd\" data-element_type=\"section\" data-settings=\"{&quot;stretch_section&quot;:&quot;section-stretched&quot;}\">\n\t\t\t\t\t\t<div class=\"elementor-container elementor-column-gap-default\">\n\t\t\t\t\t<div class=\"has_eae_slider elementor-column elementor-col-50 elementor-top-column elementor-element elementor-element-24feff10\" data-eae-slider=\"63748\" data-id=\"24feff10\" data-element_type=\"column\">\n\t\t\t<div class=\"elementor-widget-wrap elementor-element-populated\">\n\t\t\t\t\t\t<div class=\"elementor-element elementor-element-4997cd36 elementor-widget elementor-widget-image\" data-id=\"4997cd36\" data-element_type=\"widget\" data-widget_type=\"image.default\">\n\t\t\t\t<div class=\"elementor-widget-container\">\n\t\t\t\t\t\t\t\t\t\t\t\t\t\t\t<img decoding=\"async\" width=\"300\" height=\"222\" src=\"https:\/\/aguai.com.bo\/wp\/wp-content\/uploads\/2023\/02\/TECNOLOGIA_BAJA-300x222.png\" class=\"attachment-medium size-medium wp-image-2554\" alt=\"\" srcset=\"https:\/\/aguai.com.bo\/wp\/wp-content\/uploads\/2023\/02\/TECNOLOGIA_BAJA-300x222.png 300w, https:\/\/aguai.com.bo\/wp\/wp-content\/uploads\/2023\/02\/TECNOLOGIA_BAJA-1024x759.png 1024w, https:\/\/aguai.com.bo\/wp\/wp-content\/uploads\/2023\/02\/TECNOLOGIA_BAJA-768x569.png 768w, https:\/\/aguai.com.bo\/wp\/wp-content\/uploads\/2023\/02\/TECNOLOGIA_BAJA.png 1080w\" sizes=\"(max-width: 300px) 100vw, 300px\" \/>\t\t\t\t\t\t\t\t\t\t\t\t\t\t\t<\/div>\n\t\t\t\t<\/div>\n\t\t\t\t\t<\/div>\n\t\t<\/div>\n\t\t\t\t<div class=\"has_eae_slider elementor-column elementor-col-50 elementor-top-column elementor-element elementor-element-23528a91\" data-eae-slider=\"84265\" data-id=\"23528a91\" data-element_type=\"column\">\n\t\t\t<div class=\"elementor-widget-wrap elementor-element-populated\">\n\t\t\t\t\t\t<div class=\"elementor-element elementor-element-4d218685 elementor-widget elementor-widget-heading\" data-id=\"4d218685\" data-element_type=\"widget\" data-widget_type=\"heading.default\">\n\t\t\t\t<div class=\"elementor-widget-container\">\n\t\t\t\t\t<h2 class=\"elementor-heading-title elementor-size-large\"><b>Tecnolog\u00eda<\/b><\/h2>\t\t\t\t<\/div>\n\t\t\t\t<\/div>\n\t\t\t\t<div class=\"elementor-element elementor-element-373c6973 elementor-widget-divider--view-line elementor-widget elementor-widget-divider\" data-id=\"373c6973\" data-element_type=\"widget\" data-widget_type=\"divider.default\">\n\t\t\t\t<div class=\"elementor-widget-container\">\n\t\t\t\t\t\t\t<div class=\"elementor-divider\">\n\t\t\t<span class=\"elementor-divider-separator\">\n\t\t\t\t\t\t<\/span>\n\t\t<\/div>\n\t\t\t\t\t\t<\/div>\n\t\t\t\t<\/div>\n\t\t\t\t<div class=\"elementor-element elementor-element-2039c892 elementor-widget elementor-widget-text-editor\" data-id=\"2039c892\" data-element_type=\"widget\" data-widget_type=\"text-editor.default\">\n\t\t\t\t<div class=\"elementor-widget-container\">\n\t\t\t\t\t\t\t\t\t<p>Agua\u00ed ha destinado m\u00e1s del 10% del total de su inversi\u00f3n inicial, en tecnolog\u00eda que optimiza los procesos industriales evitando as\u00ed contaminaci\u00f3n ambiental. Nuestra caldera de vapor, cuenta con un sistema de filtros o lavador de gases que evitan la suspensi\u00f3n de part\u00edculas, liberando gases totalmente filtrados y limpios.<\/p>\t\t\t\t\t\t\t\t<\/div>\n\t\t\t\t<\/div>\n\t\t\t\t\t<\/div>\n\t\t<\/div>\n\t\t\t\t\t<\/div>\n\t\t<\/section>\n\t\t\t\t<section class=\"has_eae_slider elementor-section elementor-top-section elementor-element elementor-element-20e30100 elementor-reverse-mobile elementor-section-stretched elementor-section-boxed elementor-section-height-default elementor-section-height-default\" data-eae-slider=\"90659\" data-id=\"20e30100\" data-element_type=\"section\" data-settings=\"{&quot;stretch_section&quot;:&quot;section-stretched&quot;}\">\n\t\t\t\t\t\t<div class=\"elementor-container elementor-column-gap-default\">\n\t\t\t\t\t<div class=\"has_eae_slider elementor-column elementor-col-50 elementor-top-column elementor-element elementor-element-42d687cb\" data-eae-slider=\"96718\" data-id=\"42d687cb\" data-element_type=\"column\" data-settings=\"{&quot;motion_fx_motion_fx_mouse&quot;:&quot;yes&quot;}\">\n\t\t\t<div class=\"elementor-widget-wrap elementor-element-populated\">\n\t\t\t\t\t\t<div class=\"elementor-element elementor-element-376f8c1 elementor-widget elementor-widget-heading\" data-id=\"376f8c1\" data-element_type=\"widget\" data-widget_type=\"heading.default\">\n\t\t\t\t<div class=\"elementor-widget-container\">\n\t\t\t\t\t<h2 class=\"elementor-heading-title elementor-size-large\"><b>Industria 4.0<\/b><\/h2>\t\t\t\t<\/div>\n\t\t\t\t<\/div>\n\t\t\t\t<div class=\"elementor-element elementor-element-2998b93d elementor-widget-divider--view-line elementor-widget elementor-widget-divider\" data-id=\"2998b93d\" data-element_type=\"widget\" data-widget_type=\"divider.default\">\n\t\t\t\t<div class=\"elementor-widget-container\">\n\t\t\t\t\t\t\t<div class=\"elementor-divider\">\n\t\t\t<span class=\"elementor-divider-separator\">\n\t\t\t\t\t\t<\/span>\n\t\t<\/div>\n\t\t\t\t\t\t<\/div>\n\t\t\t\t<\/div>\n\t\t\t\t<div class=\"elementor-element elementor-element-45c0da48 elementor-widget elementor-widget-text-editor\" data-id=\"45c0da48\" data-element_type=\"widget\" data-widget_type=\"text-editor.default\">\n\t\t\t\t<div class=\"elementor-widget-container\">\n\t\t\t\t\t\t\t\t\t<p>Agua\u00ed ser\u00e1 la primera industria azucarera de Bolivia en utilizar inteligencia artificial, big data y algoritmos para la interconexi\u00f3n de sistemas y dispositivos digitales y optimizar sus recursos, combinar t\u00e9cnicas avanzadas de producci\u00f3n y operaciones inteligentes que integran a las organizaciones, a las personas y a los activos en tiempo real.<\/p><p>Una vez m\u00e1s, usamos los cambios tecnol\u00f3gicos, para buscar la optimizaci\u00f3n de recursos y la eficiencia de los procesos para que toda la cadena de producci\u00f3n est\u00e9 automatizada.<\/p>\t\t\t\t\t\t\t\t<\/div>\n\t\t\t\t<\/div>\n\t\t\t\t\t<\/div>\n\t\t<\/div>\n\t\t\t\t<div class=\"has_eae_slider elementor-column elementor-col-50 elementor-top-column elementor-element elementor-element-712be43a\" data-eae-slider=\"78251\" data-id=\"712be43a\" data-element_type=\"column\">\n\t\t\t<div class=\"elementor-widget-wrap elementor-element-populated\">\n\t\t\t\t\t\t<div class=\"elementor-element elementor-element-60625c62 elementor-widget elementor-widget-image\" data-id=\"60625c62\" data-element_type=\"widget\" data-widget_type=\"image.default\">\n\t\t\t\t<div class=\"elementor-widget-container\">\n\t\t\t\t\t\t\t\t\t\t\t\t\t\t\t<img loading=\"lazy\" decoding=\"async\" width=\"768\" height=\"337\" src=\"https:\/\/aguai.com.bo\/wp\/wp-content\/uploads\/2023\/02\/PORTADA-4-1-768x337.jpg\" class=\"attachment-medium_large size-medium_large wp-image-2555\" alt=\"\" srcset=\"https:\/\/aguai.com.bo\/wp\/wp-content\/uploads\/2023\/02\/PORTADA-4-1-768x337.jpg 768w, https:\/\/aguai.com.bo\/wp\/wp-content\/uploads\/2023\/02\/PORTADA-4-1-300x132.jpg 300w, https:\/\/aguai.com.bo\/wp\/wp-content\/uploads\/2023\/02\/PORTADA-4-1-1024x449.jpg 1024w, https:\/\/aguai.com.bo\/wp\/wp-content\/uploads\/2023\/02\/PORTADA-4-1.jpg 1140w\" sizes=\"(max-width: 768px) 100vw, 768px\" \/>\t\t\t\t\t\t\t\t\t\t\t\t\t\t\t<\/div>\n\t\t\t\t<\/div>\n\t\t\t\t\t<\/div>\n\t\t<\/div>\n\t\t\t\t\t<\/div>\n\t\t<\/section>\n\t\t\t\t<\/div>\n\t\t","protected":false},"excerpt":{"rendered":"<p>Innovaci\u00f3n &#038; Tecnolog\u00eda Sustentabilidad Cuidamos la tierra como un recurso de las futuras generaciones; desarrollamos capacidades de investigaci\u00f3n para ser m\u00e1s productivos, sin afectar ni el medio ambiente, ni el &#8230;<\/p>\n","protected":false},"author":1,"featured_media":0,"parent":0,"menu_order":0,"comment_status":"closed","ping_status":"closed","template":"","meta":{"footnotes":""},"class_list":["post-2437","page","type-page","status-publish","hentry"],"_links":{"self":[{"href":"https:\/\/aguai.com.bo\/wp\/wp-json\/wp\/v2\/pages\/2437","targetHints":{"allow":["GET"]}}],"collection":[{"href":"https:\/\/aguai.com.bo\/wp\/wp-json\/wp\/v2\/pages"}],"about":[{"href":"https:\/\/aguai.com.bo\/wp\/wp-json\/wp\/v2\/types\/page"}],"author":[{"embeddable":true,"href":"https:\/\/aguai.com.bo\/wp\/wp-json\/wp\/v2\/users\/1"}],"replies":[{"embeddable":true,"href":"https:\/\/aguai.com.bo\/wp\/wp-json\/wp\/v2\/comments?post=2437"}],"version-history":[{"count":6,"href":"https:\/\/aguai.com.bo\/wp\/wp-json\/wp\/v2\/pages\/2437\/revisions"}],"predecessor-version":[{"id":2561,"href":"https:\/\/aguai.com.bo\/wp\/wp-json\/wp\/v2\/pages\/2437\/revisions\/2561"}],"wp:attachment":[{"href":"https:\/\/aguai.com.bo\/wp\/wp-json\/wp\/v2\/media?parent=2437"}],"curies":[{"name":"wp","href":"https:\/\/api.w.org\/{rel}","templated":true}]}}